{"id":905,"date":"2025-12-17T17:40:26","date_gmt":"2025-12-17T16:40:26","guid":{"rendered":"https:\/\/moore-salzburg-gmbh.eu.moore-global.com\/?page_id=905"},"modified":"2025-12-17T18:14:05","modified_gmt":"2025-12-17T17:14:05","slug":"test-embed","status":"publish","type":"page","link":"https:\/\/www.moore-salzburg.at\/tr\/test-embed\/","title":{"rendered":"Test G\u00f6mme"},"content":{"rendered":"<style id=\"strategiq-two-column-style\">.block-two-column{padding:40px 0 20px}.single-firm .block-two-column{padding-bottom:1.875rem}@media (min-width: 768px){.block-two-column{padding:0}}@media (min-width: 768px){.block-two-column .content-offset-right{padding-right:0}}@media (min-width: 992px){.block-two-column .content-offset-right{padding-right:calc(8.33333% + 24px)}}.block-two-column img{width:100%}.block-two-column__content{color:var(--text-color)}.block-two-column__content p:last-of-type{margin-bottom:0}.block-two-column__list-content{margin-bottom:2.5rem}.block-two-column__list-heading{margin-bottom:8px;font-size:20px;font-weight:500}.block-two-column__list li p:last-of-type{margin-bottom:0}.block-two-column__list ul:first-of-type,.block-two-column__list ol:first-of-type{margin-top:0}.block-two-column__list ul:first-of-type li:first-of-type,.block-two-column__list ol:first-of-type li:first-of-type{margin-top:0}.block-two-column__list>p+ul:first-of-type,.block-two-column__list>p+ol:first-of-type{margin-top:1rem}.block-two-column__list>p+ul:first-of-type li:first-of-type,.block-two-column__list>p+ol:first-of-type li:first-of-type{margin-top:24px}.block-two-column__content.position-sticky,.block-two-column__list.position-sticky,.block-two-column__image-container.position-sticky{top:calc(var(--site-header-height) + 1rem)}.block-two-column__content,.block-two-column__image,.block-two-column__list{padding:12px 0}@media (min-width: 768px){.block-two-column__content,.block-two-column__image,.block-two-column__list{padding:2.5rem 1rem}}@media (min-width: 992px){.block-two-column__content,.block-two-column__image,.block-two-column__list{padding:5rem 0 3.75rem 0}}\n\n\/*# sourceMappingURL=block-two-column.css.map *\/\n<\/style>\n<section class=\"wp-block-strategiq block-two-column wp-block-strategiq-two-column\">\n\t<div class=\"container\">\n\t\t\t\t<div class=\"row align-items-center\">\n\t\t\t\t\t\t\t<div class=\"col-12 col-md-10 col-lg-5 offset-lg-1\">\n\t\t\t\t\t\t\t\t\t\t\t<div class=\"block-two-column__content content-container\">\n\t\t\t\t\t\t\t\t\t\t\t\t\t\t\t\t\t\t\t\t\t\t\t\t\t\t\t\t<\/div>\n\t\t\t\t\t\t\t\t\t<\/div>\n\t\t\t\t\t<\/div>\n\t<\/div>\n<\/section>","protected":false},"excerpt":{"rendered":"","protected":false},"author":3,"featured_media":0,"parent":0,"menu_order":0,"comment_status":"closed","ping_status":"closed","template":"","meta":{"_acf_changed":true,"footnotes":""},"class_list":["post-905","page","type-page","status-publish","hentry"],"acf":[],"yoast_head":"<!-- This site is optimized with the Yoast SEO plugin v27.2 - https:\/\/yoast.com\/product\/yoast-seo-wordpress\/ -->\n<title>Test Embed | Moore Salzburg GmbH<\/title>\n<meta name=\"robots\" content=\"index, follow, max-snippet:-1, max-image-preview:large, max-video-preview:-1\" \/>\n<link rel=\"canonical\" href=\"https:\/\/www.moore-salzburg.at\/tr\/test-embed\/\" \/>\n<meta property=\"og:locale\" content=\"tr_TR\" \/>\n<meta property=\"og:type\" content=\"article\" \/>\n<meta property=\"og:title\" content=\"Test Embed | Moore Salzburg GmbH\" \/>\n<meta property=\"og:url\" content=\"https:\/\/www.moore-salzburg.at\/tr\/test-embed\/\" \/>\n<meta property=\"og:site_name\" content=\"Moore Salzburg GmbH\" \/>\n<meta property=\"article:publisher\" content=\"https:\/\/www.facebook.com\/MooreSalzburg\" \/>\n<meta property=\"article:modified_time\" content=\"2025-12-17T17:14:05+00:00\" \/>\n<meta name=\"twitter:card\" content=\"summary_large_image\" \/>\n<script type=\"application\/ld+json\" class=\"yoast-schema-graph\">{\"@context\":\"https:\/\/schema.org\",\"@graph\":[{\"@type\":\"WebPage\",\"@id\":\"https:\/\/www.moore-salzburg.at\/test-embed\/\",\"url\":\"https:\/\/www.moore-salzburg.at\/test-embed\/\",\"name\":\"Test Embed | Moore Salzburg GmbH\",\"isPartOf\":{\"@id\":\"https:\/\/www.moore-salzburg.at\/#website\"},\"datePublished\":\"2025-12-17T16:40:26+00:00\",\"dateModified\":\"2025-12-17T17:14:05+00:00\",\"breadcrumb\":{\"@id\":\"https:\/\/www.moore-salzburg.at\/test-embed\/#breadcrumb\"},\"inLanguage\":\"tr\",\"potentialAction\":[{\"@type\":\"ReadAction\",\"target\":[\"https:\/\/www.moore-salzburg.at\/test-embed\/\"]}]},{\"@type\":\"BreadcrumbList\",\"@id\":\"https:\/\/www.moore-salzburg.at\/test-embed\/#breadcrumb\",\"itemListElement\":[{\"@type\":\"ListItem\",\"position\":1,\"name\":\"Home\",\"item\":\"https:\/\/www.moore-salzburg.at\/\"},{\"@type\":\"ListItem\",\"position\":2,\"name\":\"Test Embed\"}]},{\"@type\":\"WebSite\",\"@id\":\"https:\/\/www.moore-salzburg.at\/#website\",\"url\":\"https:\/\/www.moore-salzburg.at\/\",\"name\":\"Moore Salzburg GmbH\",\"description\":\"Ihr Begleiter in spannenden Zeiten: Steuerberatung | Wirtschaftspr\u00fcfung | Unternehmensberatung | Digital Business | an Ihrer Seite.\",\"publisher\":{\"@id\":\"https:\/\/www.moore-salzburg.at\/#organization\"},\"alternateName\":\"Moore Salzburg\",\"potentialAction\":[{\"@type\":\"SearchAction\",\"target\":{\"@type\":\"EntryPoint\",\"urlTemplate\":\"https:\/\/www.moore-salzburg.at\/?s={search_term_string}\"},\"query-input\":{\"@type\":\"PropertyValueSpecification\",\"valueRequired\":true,\"valueName\":\"search_term_string\"}}],\"inLanguage\":\"tr\"},{\"@type\":\"Organization\",\"@id\":\"https:\/\/www.moore-salzburg.at\/#organization\",\"name\":\"Moore Salzburg GmbH\",\"url\":\"https:\/\/www.moore-salzburg.at\/\",\"logo\":{\"@type\":\"ImageObject\",\"inLanguage\":\"tr\",\"@id\":\"https:\/\/www.moore-salzburg.at\/#\/schema\/logo\/image\/\",\"url\":\"https:\/\/www.moore-salzburg.at\/wp-content\/uploads\/sites\/5\/2025\/07\/Moore_Salzburg_Logo_RGB.png\",\"contentUrl\":\"https:\/\/www.moore-salzburg.at\/wp-content\/uploads\/sites\/5\/2025\/07\/Moore_Salzburg_Logo_RGB.png\",\"width\":2080,\"height\":312,\"caption\":\"Moore Salzburg GmbH\"},\"image\":{\"@id\":\"https:\/\/www.moore-salzburg.at\/#\/schema\/logo\/image\/\"},\"sameAs\":[\"https:\/\/www.facebook.com\/MooreSalzburg\",\"https:\/\/www.linkedin.com\/company\/moore-salzburg-gmbh\",\"https:\/\/www.instagram.com\/moore_salzburg\/\"]}]}<\/script>\n<!-- \/ Yoast SEO plugin. -->","yoast_head_json":{"title":"Test Embed | Moore Salzburg GmbH","robots":{"index":"index","follow":"follow","max-snippet":"max-snippet:-1","max-image-preview":"max-image-preview:large","max-video-preview":"max-video-preview:-1"},"canonical":"https:\/\/www.moore-salzburg.at\/tr\/test-embed\/","og_locale":"tr_TR","og_type":"article","og_title":"Test Embed | Moore Salzburg GmbH","og_url":"https:\/\/www.moore-salzburg.at\/tr\/test-embed\/","og_site_name":"Moore Salzburg GmbH","article_publisher":"https:\/\/www.facebook.com\/MooreSalzburg","article_modified_time":"2025-12-17T17:14:05+00:00","twitter_card":"summary_large_image","schema":{"@context":"https:\/\/schema.org","@graph":[{"@type":"WebPage","@id":"https:\/\/www.moore-salzburg.at\/test-embed\/","url":"https:\/\/www.moore-salzburg.at\/test-embed\/","name":"Test Embed | Moore Salzburg GmbH","isPartOf":{"@id":"https:\/\/www.moore-salzburg.at\/#website"},"datePublished":"2025-12-17T16:40:26+00:00","dateModified":"2025-12-17T17:14:05+00:00","breadcrumb":{"@id":"https:\/\/www.moore-salzburg.at\/test-embed\/#breadcrumb"},"inLanguage":"tr","potentialAction":[{"@type":"ReadAction","target":["https:\/\/www.moore-salzburg.at\/test-embed\/"]}]},{"@type":"BreadcrumbList","@id":"https:\/\/www.moore-salzburg.at\/test-embed\/#breadcrumb","itemListElement":[{"@type":"ListItem","position":1,"name":"Home","item":"https:\/\/www.moore-salzburg.at\/"},{"@type":"ListItem","position":2,"name":"Test Embed"}]},{"@type":"WebSite","@id":"https:\/\/www.moore-salzburg.at\/#website","url":"https:\/\/www.moore-salzburg.at\/","name":"Moore Salzburg GmbH","description":"Heyecan verici zamanlarda yol arkada\u015f\u0131n\u0131z: Vergi dan\u0131\u015fmanl\u0131\u011f\u0131 | Denetim | Y\u00f6netim dan\u0131\u015fmanl\u0131\u011f\u0131 | Dijital i\u015f | yan\u0131n\u0131zda.","publisher":{"@id":"https:\/\/www.moore-salzburg.at\/#organization"},"alternateName":"Moore Salzburg","potentialAction":[{"@type":"SearchAction","target":{"@type":"EntryPoint","urlTemplate":"https:\/\/www.moore-salzburg.at\/?s={search_term_string}"},"query-input":{"@type":"PropertyValueSpecification","valueRequired":true,"valueName":"search_term_string"}}],"inLanguage":"tr"},{"@type":"Organization","@id":"https:\/\/www.moore-salzburg.at\/#organization","name":"Moore Salzburg GmbH","url":"https:\/\/www.moore-salzburg.at\/","logo":{"@type":"ImageObject","inLanguage":"tr","@id":"https:\/\/www.moore-salzburg.at\/#\/schema\/logo\/image\/","url":"https:\/\/www.moore-salzburg.at\/wp-content\/uploads\/sites\/5\/2025\/07\/Moore_Salzburg_Logo_RGB.png","contentUrl":"https:\/\/www.moore-salzburg.at\/wp-content\/uploads\/sites\/5\/2025\/07\/Moore_Salzburg_Logo_RGB.png","width":2080,"height":312,"caption":"Moore Salzburg GmbH"},"image":{"@id":"https:\/\/www.moore-salzburg.at\/#\/schema\/logo\/image\/"},"sameAs":["https:\/\/www.facebook.com\/MooreSalzburg","https:\/\/www.linkedin.com\/company\/moore-salzburg-gmbh","https:\/\/www.instagram.com\/moore_salzburg\/"]}]}},"_links":{"self":[{"href":"https:\/\/www.moore-salzburg.at\/tr\/wp-json\/wp\/v2\/pages\/905","targetHints":{"allow":["GET"]}}],"collection":[{"href":"https:\/\/www.moore-salzburg.at\/tr\/wp-json\/wp\/v2\/pages"}],"about":[{"href":"https:\/\/www.moore-salzburg.at\/tr\/wp-json\/wp\/v2\/types\/page"}],"author":[{"embeddable":true,"href":"https:\/\/www.moore-salzburg.at\/tr\/wp-json\/wp\/v2\/users\/3"}],"replies":[{"embeddable":true,"href":"https:\/\/www.moore-salzburg.at\/tr\/wp-json\/wp\/v2\/comments?post=905"}],"version-history":[{"count":0,"href":"https:\/\/www.moore-salzburg.at\/tr\/wp-json\/wp\/v2\/pages\/905\/revisions"}],"wp:attachment":[{"href":"https:\/\/www.moore-salzburg.at\/tr\/wp-json\/wp\/v2\/media?parent=905"}],"curies":[{"name":"wp","href":"https:\/\/api.w.org\/{rel}","templated":true}]}}