{"id":714,"date":"2025-12-05T11:34:10","date_gmt":"2025-12-05T10:34:10","guid":{"rendered":"https:\/\/moore-salzburg-gmbh.eu.moore-global.com\/?page_id=714"},"modified":"2026-03-16T11:55:30","modified_gmt":"2026-03-16T10:55:30","slug":"impressum","status":"publish","type":"page","link":"https:\/\/www.moore-salzburg.at\/nl\/impressum\/","title":{"rendered":"Afdruk"},"content":{"rendered":"<h1 class=\"wp-block-heading\">Afdruk<\/h1>\n\n\n\n<p>Moore Salzburg GmbH&nbsp;<br>Accountants- en belastingadvieskantoor<br>Innsbrucker Bundesstra\u00dfe 126<br>A-5020 Salzburg, Oostenrijk<br>T&nbsp;<a href=\"tel:+43662251500\">+43 662 25 15 00<\/a><br>E&nbsp;<a href=\"mailto:office@moore-sbg.at\">office@moore-sbg.at<\/a><br>W&nbsp;<a href=\"https:\/\/www.moore-salzburg.at\/nl\/\" target=\"_blank\" rel=\"noreferrer noopener\">www.moore-salzburg.at<\/a><br>&nbsp;<br>Registratienummer bedrijf: 108254y<br>Handelsregister rechtbank: Regionale rechtbank Salzburg<br>UID: ATU25081906<br><br>Algemeen directeur:<br>Stefan Farnleitner, WP, StB<br>MMag. Herbert Huber, WP, StB<br>Christian Pedross, WP, StB<br>MMag. Patrick Vilsecker, StB<br>Alexander Wunderlich, belastingadviseur<br><br>Aandeelhouder:<br>HW Asset Audit GmbH Accountants- en belastingadviesbureau<br>PSconsult GmbH Accountants- en belastingadviesbureau<\/p>\n\n\n\n<p id=\"AAB\">Lid van de Kamer van Belastingconsulenten en Accountants \/ AAB:<br>Wij werken uitsluitend op basis van de \u201c<a href=\"https:\/\/www.ksw.or.at\/desktopdefault.aspx\/tabid-209\/\" target=\"_blank\" rel=\"noreferrer noopener\">Algemene contractvoorwaarden voor openbare accountantsberoepen<\/a>\u201d (<a href=\"https:\/\/www.ksw.or.at\/PortalData\/1\/Resources\/aab\/kwt_aab_2011_englische_fassung.pdf\" target=\"_blank\" rel=\"noreferrer noopener\">Engelse versie<\/a>) en de \u201c<a href=\"http:\/\/www.kwt.or.at\/PortalData\/1\/Resources\/aab\/AAB_AP_2011_de.pdf\">Algemene voorwaarden voor contractaudits<\/a>\u201d in de versie die van toepassing is na de respectieve aankondiging in de Wiener Zeitung. Het plaatsen van gegevens op het internet of het bekijken of downloaden ervan cre\u00ebert geen contractuele relatie. &nbsp; &nbsp;<br><br>Testbedrijf:<br>Moore Salzburg heeft een geldig certificaat als lid van APAB, een onafhankelijke en zelfstandige toezichthoudende en kwaliteitsbewakende instantie voor het accountantsberoep.&nbsp;<br>&nbsp;&nbsp;<br>Beroepsrecht:<br><a href=\"http:\/\/www.kwt.or.at\/desktopdefault.aspx\/tabid-2\/\">Kamer van Belastingconsulenten en Accountants<\/a><\/p>\n\n\n\n<p><strong>E-mail naar werknemers:<\/strong><br>U kunt de medewerkers van Moore Salzburg bereiken op persoonlijke e-mailadressen met deze structuur:&nbsp;<a href=\"mailto:Vorname.Nachname@moore-sbg.at\">Vorname.Nachname@moore-sbg.at<\/a>.<br>Als u de exacte naam van een van onze medewerkers niet weet, schrijf dan naar ons algemene e-mailadres (zie hierboven). Wij zullen uw e-mail zo snel mogelijk intern doorsturen.<br><br><br><br>Moore Salzburg Consulting GmbH<br>Management adviesbureau<br>Innsbrucker Bundesstra\u00dfe 126<br>5020 Salzburg<br>T&nbsp;<a href=\"tel:+43662251500\">+43 662 25 15 00<\/a><br>E&nbsp;<a href=\"mailto:consulting@moore-sbg.at?body=Anfrage%20via%20Website:%20Moore%20Salzburg%20Consulting\">consulting@moore-sbg.at<\/a><br><br>Registratienummer bedrijf: FN 475573 y<br>Handelsregister rechtbank: Regionale rechtbank Salzburg<br>UID-nummer: ATU72468135<br><br>Handelsvergunning geldig voor: Managementadvies inclusief bedrijfsorganisatie overeenkomstig \u00a7 94 Z 74 GewO 1994<br>Algemeen directeur:&nbsp;<br>Stefan Farnleitner<br>MMag. Herbert Huber<br>MMag. Patrick Vilsecker<br>Alexander Wunderlich<br><br><a href=\"https:\/\/www.moore-salzburg.at\/wp-content\/uploads\/sites\/5\/2026\/02\/Moore-Salzburg-Consulting-AGB-2025.pdf\" id=\"1021\" target=\"_blank\" rel=\"noreferrer noopener\">Algemene voorwaarden (AGB)<\/a>&nbsp;van Moore Salzburg Consulting<br><br>Geassocieerde kamer:<br>Lid van de Salzburgse Kamer van Koophandel - Specialisatiegroep UBIT<br><br><br><br><strong>Fotocredits:<\/strong><br>Moore Global, Moore Salzburg, Pexels kunstenaars<br><br>voor de website karriere.moore-salzburg.at:<br>Moore Salzburg, Pexels kunstenaars, Adobe Stock kunstenaars: KatMoy, jenteva, G\u00fcnter Albers<br><br><br><strong>Informatie:<\/strong><br>Wij gebruiken geslachten op onze website om alle mensen taalkundig zichtbaar te maken. Als de versie met het geslacht van een term ontbreekt, is dit niet opzettelijk: we zouden het op prijs stellen als u ons dit laat weten.&nbsp;<a href=\"mailto:ingrid.reitinger@moore-sbg.at?subject=Website%20&amp;%20Gendern:%20Feedback\">door een e-mail te sturen naar dit adres<\/a>&nbsp;aankondigen. &nbsp;<\/p>","protected":false},"excerpt":{"rendered":"<p>Impressum Moore Salzburg GmbH&nbsp;Wirtschaftspr\u00fcfungs- und SteuerberatungsgesellschaftInnsbrucker Bundesstra\u00dfe 126A-5020 Salzburg, \u00d6sterreichT&nbsp;+43 662 25 15 00E&nbsp;office@moore-sbg.atW&nbsp;www.moore-salzburg.at&nbsp;Firmenbuchnummer: 108254yFirmenbuchgericht:&nbsp;Landesgericht SalzburgUID: ATU25081906 Gesch\u00e4ftsf\u00fchrer:Mag. Stefan Farnleitner, WP, StBMMag. Herbert Huber, WP, StBMag. Christian Pedross, WP, StBMMag. Patrick Vilsecker, StBMag. Alexander Wunderlich, StB Gesellschafter:HW Asset Audit&nbsp;GmbH&nbsp;Wirtschaftspr\u00fcfungs- und SteuerberatungsgesellschaftPSconsult GmbH&nbsp;Wirtschaftspr\u00fcfungs- und Steuerberatungsgesellschaft Mitglied der Kammer der Steuerberater:innen und Wirtschaftspr\u00fcfer:innen \/ AAB:Wir arbeiten ausschlie\u00dflich [&hellip;]<\/p>\n","protected":false},"author":10,"featured_media":0,"parent":0,"menu_order":0,"comment_status":"closed","ping_status":"closed","template":"","meta":{"_acf_changed":false,"footnotes":""},"class_list":["post-714","page","type-page","status-publish","hentry"],"acf":[],"yoast_head":"<!-- This site is optimized with the Yoast SEO plugin v27.2 - https:\/\/yoast.com\/product\/yoast-seo-wordpress\/ -->\n<title>Impressum | Moore Salzburg GmbH<\/title>\n<meta name=\"description\" content=\"Unser Impressum informiert Sie vollst\u00e4ndig \u00fcber die rechtlich relevanten Personen, Partner und Gesellschaftsverh\u00e4ltnisse bei Moore Salzburg.\" \/>\n<meta name=\"robots\" content=\"index, follow, max-snippet:-1, max-image-preview:large, max-video-preview:-1\" \/>\n<link rel=\"canonical\" href=\"https:\/\/www.moore-salzburg.at\/nl\/impressum\/\" \/>\n<meta property=\"og:locale\" content=\"nl_NL\" \/>\n<meta property=\"og:type\" content=\"article\" \/>\n<meta property=\"og:title\" content=\"Impressum | Moore Salzburg GmbH\" \/>\n<meta property=\"og:description\" content=\"Unser Impressum informiert Sie vollst\u00e4ndig \u00fcber die rechtlich relevanten Personen, Partner und Gesellschaftsverh\u00e4ltnisse bei Moore Salzburg.\" \/>\n<meta property=\"og:url\" content=\"https:\/\/www.moore-salzburg.at\/nl\/impressum\/\" \/>\n<meta property=\"og:site_name\" content=\"Moore Salzburg GmbH\" \/>\n<meta property=\"article:publisher\" content=\"https:\/\/www.facebook.com\/MooreSalzburg\" \/>\n<meta property=\"article:modified_time\" content=\"2026-03-16T10:55:30+00:00\" \/>\n<meta name=\"twitter:card\" content=\"summary_large_image\" \/>\n<meta name=\"twitter:label1\" content=\"Geschatte leestijd\" \/>\n\t<meta name=\"twitter:data1\" content=\"2 minuten\" \/>\n<script type=\"application\/ld+json\" class=\"yoast-schema-graph\">{\"@context\":\"https:\/\/schema.org\",\"@graph\":[{\"@type\":\"WebPage\",\"@id\":\"https:\/\/www.moore-salzburg.at\/impressum\/\",\"url\":\"https:\/\/www.moore-salzburg.at\/impressum\/\",\"name\":\"Impressum | Moore Salzburg GmbH\",\"isPartOf\":{\"@id\":\"https:\/\/www.moore-salzburg.at\/#website\"},\"datePublished\":\"2025-12-05T10:34:10+00:00\",\"dateModified\":\"2026-03-16T10:55:30+00:00\",\"description\":\"Unser Impressum informiert Sie vollst\u00e4ndig \u00fcber die rechtlich relevanten Personen, Partner und Gesellschaftsverh\u00e4ltnisse bei Moore Salzburg.\",\"breadcrumb\":{\"@id\":\"https:\/\/www.moore-salzburg.at\/impressum\/#breadcrumb\"},\"inLanguage\":\"nl-NL\",\"potentialAction\":[{\"@type\":\"ReadAction\",\"target\":[\"https:\/\/www.moore-salzburg.at\/impressum\/\"]}]},{\"@type\":\"BreadcrumbList\",\"@id\":\"https:\/\/www.moore-salzburg.at\/impressum\/#breadcrumb\",\"itemListElement\":[{\"@type\":\"ListItem\",\"position\":1,\"name\":\"Home\",\"item\":\"https:\/\/www.moore-salzburg.at\/\"},{\"@type\":\"ListItem\",\"position\":2,\"name\":\"Impressum\"}]},{\"@type\":\"WebSite\",\"@id\":\"https:\/\/www.moore-salzburg.at\/#website\",\"url\":\"https:\/\/www.moore-salzburg.at\/\",\"name\":\"Moore Salzburg GmbH\",\"description\":\"Ihr Begleiter in spannenden Zeiten: Steuerberatung | Wirtschaftspr\u00fcfung | Unternehmensberatung | Digital Business | an Ihrer Seite.\",\"publisher\":{\"@id\":\"https:\/\/www.moore-salzburg.at\/#organization\"},\"alternateName\":\"Moore Salzburg\",\"potentialAction\":[{\"@type\":\"SearchAction\",\"target\":{\"@type\":\"EntryPoint\",\"urlTemplate\":\"https:\/\/www.moore-salzburg.at\/?s={search_term_string}\"},\"query-input\":{\"@type\":\"PropertyValueSpecification\",\"valueRequired\":true,\"valueName\":\"search_term_string\"}}],\"inLanguage\":\"nl-NL\"},{\"@type\":\"Organization\",\"@id\":\"https:\/\/www.moore-salzburg.at\/#organization\",\"name\":\"Moore Salzburg GmbH\",\"url\":\"https:\/\/www.moore-salzburg.at\/\",\"logo\":{\"@type\":\"ImageObject\",\"inLanguage\":\"nl-NL\",\"@id\":\"https:\/\/www.moore-salzburg.at\/#\/schema\/logo\/image\/\",\"url\":\"https:\/\/www.moore-salzburg.at\/wp-content\/uploads\/sites\/5\/2025\/07\/Moore_Salzburg_Logo_RGB.png\",\"contentUrl\":\"https:\/\/www.moore-salzburg.at\/wp-content\/uploads\/sites\/5\/2025\/07\/Moore_Salzburg_Logo_RGB.png\",\"width\":2080,\"height\":312,\"caption\":\"Moore Salzburg GmbH\"},\"image\":{\"@id\":\"https:\/\/www.moore-salzburg.at\/#\/schema\/logo\/image\/\"},\"sameAs\":[\"https:\/\/www.facebook.com\/MooreSalzburg\",\"https:\/\/www.linkedin.com\/company\/moore-salzburg-gmbh\",\"https:\/\/www.instagram.com\/moore_salzburg\/\"]}]}<\/script>\n<!-- \/ Yoast SEO plugin. -->","yoast_head_json":{"title":"Impressum | Moore Salzburg GmbH","description":"Unser Impressum informiert Sie vollst\u00e4ndig \u00fcber die rechtlich relevanten Personen, Partner und Gesellschaftsverh\u00e4ltnisse bei Moore Salzburg.","robots":{"index":"index","follow":"follow","max-snippet":"max-snippet:-1","max-image-preview":"max-image-preview:large","max-video-preview":"max-video-preview:-1"},"canonical":"https:\/\/www.moore-salzburg.at\/nl\/impressum\/","og_locale":"nl_NL","og_type":"article","og_title":"Impressum | Moore Salzburg GmbH","og_description":"Unser Impressum informiert Sie vollst\u00e4ndig \u00fcber die rechtlich relevanten Personen, Partner und Gesellschaftsverh\u00e4ltnisse bei Moore Salzburg.","og_url":"https:\/\/www.moore-salzburg.at\/nl\/impressum\/","og_site_name":"Moore Salzburg GmbH","article_publisher":"https:\/\/www.facebook.com\/MooreSalzburg","article_modified_time":"2026-03-16T10:55:30+00:00","twitter_card":"summary_large_image","twitter_misc":{"Geschatte leestijd":"2 minuten"},"schema":{"@context":"https:\/\/schema.org","@graph":[{"@type":"WebPage","@id":"https:\/\/www.moore-salzburg.at\/impressum\/","url":"https:\/\/www.moore-salzburg.at\/impressum\/","name":"Impressum | Moore Salzburg GmbH","isPartOf":{"@id":"https:\/\/www.moore-salzburg.at\/#website"},"datePublished":"2025-12-05T10:34:10+00:00","dateModified":"2026-03-16T10:55:30+00:00","description":"Unser Impressum informiert Sie vollst\u00e4ndig \u00fcber die rechtlich relevanten Personen, Partner und Gesellschaftsverh\u00e4ltnisse bei Moore Salzburg.","breadcrumb":{"@id":"https:\/\/www.moore-salzburg.at\/impressum\/#breadcrumb"},"inLanguage":"nl-NL","potentialAction":[{"@type":"ReadAction","target":["https:\/\/www.moore-salzburg.at\/impressum\/"]}]},{"@type":"BreadcrumbList","@id":"https:\/\/www.moore-salzburg.at\/impressum\/#breadcrumb","itemListElement":[{"@type":"ListItem","position":1,"name":"Home","item":"https:\/\/www.moore-salzburg.at\/"},{"@type":"ListItem","position":2,"name":"Impressum"}]},{"@type":"WebSite","@id":"https:\/\/www.moore-salzburg.at\/#website","url":"https:\/\/www.moore-salzburg.at\/","name":"Moore Salzburg GmbH","description":"Uw partner in spannende tijden: Belastingadvies | Auditing | Managementadvies | Digital business | aan uw zijde.","publisher":{"@id":"https:\/\/www.moore-salzburg.at\/#organization"},"alternateName":"Moore Salzburg","potentialAction":[{"@type":"SearchAction","target":{"@type":"EntryPoint","urlTemplate":"https:\/\/www.moore-salzburg.at\/?s={search_term_string}"},"query-input":{"@type":"PropertyValueSpecification","valueRequired":true,"valueName":"search_term_string"}}],"inLanguage":"nl-NL"},{"@type":"Organization","@id":"https:\/\/www.moore-salzburg.at\/#organization","name":"Moore Salzburg GmbH","url":"https:\/\/www.moore-salzburg.at\/","logo":{"@type":"ImageObject","inLanguage":"nl-NL","@id":"https:\/\/www.moore-salzburg.at\/#\/schema\/logo\/image\/","url":"https:\/\/www.moore-salzburg.at\/wp-content\/uploads\/sites\/5\/2025\/07\/Moore_Salzburg_Logo_RGB.png","contentUrl":"https:\/\/www.moore-salzburg.at\/wp-content\/uploads\/sites\/5\/2025\/07\/Moore_Salzburg_Logo_RGB.png","width":2080,"height":312,"caption":"Moore Salzburg GmbH"},"image":{"@id":"https:\/\/www.moore-salzburg.at\/#\/schema\/logo\/image\/"},"sameAs":["https:\/\/www.facebook.com\/MooreSalzburg","https:\/\/www.linkedin.com\/company\/moore-salzburg-gmbh","https:\/\/www.instagram.com\/moore_salzburg\/"]}]}},"_links":{"self":[{"href":"https:\/\/www.moore-salzburg.at\/nl\/wp-json\/wp\/v2\/pages\/714","targetHints":{"allow":["GET"]}}],"collection":[{"href":"https:\/\/www.moore-salzburg.at\/nl\/wp-json\/wp\/v2\/pages"}],"about":[{"href":"https:\/\/www.moore-salzburg.at\/nl\/wp-json\/wp\/v2\/types\/page"}],"author":[{"embeddable":true,"href":"https:\/\/www.moore-salzburg.at\/nl\/wp-json\/wp\/v2\/users\/10"}],"replies":[{"embeddable":true,"href":"https:\/\/www.moore-salzburg.at\/nl\/wp-json\/wp\/v2\/comments?post=714"}],"version-history":[{"count":0,"href":"https:\/\/www.moore-salzburg.at\/nl\/wp-json\/wp\/v2\/pages\/714\/revisions"}],"wp:attachment":[{"href":"https:\/\/www.moore-salzburg.at\/nl\/wp-json\/wp\/v2\/media?parent=714"}],"curies":[{"name":"wp","href":"https:\/\/api.w.org\/{rel}","templated":true}]}}